{"id":1330,"date":"2021-02-22T10:56:24","date_gmt":"2021-02-22T09:56:24","guid":{"rendered":"https:\/\/jmj-location.com\/\/?page_id=1330"},"modified":"2022-02-08T13:50:13","modified_gmt":"2022-02-08T12:50:13","slug":"conditions-generales-dutilisation-du-site-jmj-location","status":"publish","type":"page","link":"https:\/\/jmj-location.com\/en\/conditions-generales-dutilisation-du-site-jmj-location\/","title":{"rendered":"(Fran\u00e7ais) Conditions g\u00e9n\u00e9rales d&#8217;utilisation du site JMJ LOCATION"},"content":{"rendered":"<p class=\"qtranxs-available-languages-message qtranxs-available-languages-message-en\">Sorry, this entry is only available in <a href=\"https:\/\/jmj-location.com\/fr\/wp-json\/wp\/v2\/pages\/1330\" class=\"qtranxs-available-language-link qtranxs-available-language-link-fr\" title=\"Fran\u00e7ais\">French<\/a>.<\/p>","protected":false},"excerpt":{"rendered":"<p>Sorry, this entry is only available in French.<\/p>\n","protected":false},"author":9,"featured_media":0,"parent":0,"menu_order":0,"comment_status":"closed","ping_status":"closed","template":"","meta":[],"categories":[],"_links":{"self":[{"href":"https:\/\/jmj-location.com\/en\/wp-json\/wp\/v2\/pages\/1330"}],"collection":[{"href":"https:\/\/jmj-location.com\/en\/wp-json\/wp\/v2\/pages"}],"about":[{"href":"https:\/\/jmj-location.com\/en\/wp-json\/wp\/v2\/types\/page"}],"author":[{"embeddable":true,"href":"https:\/\/jmj-location.com\/en\/wp-json\/wp\/v2\/users\/9"}],"replies":[{"embeddable":true,"href":"https:\/\/jmj-location.com\/en\/wp-json\/wp\/v2\/comments?post=1330"}],"version-history":[{"count":4,"href":"https:\/\/jmj-location.com\/en\/wp-json\/wp\/v2\/pages\/1330\/revisions"}],"predecessor-version":[{"id":1810,"href":"https:\/\/jmj-location.com\/en\/wp-json\/wp\/v2\/pages\/1330\/revisions\/1810"}],"wp:attachment":[{"href":"https:\/\/jmj-location.com\/en\/wp-json\/wp\/v2\/media?parent=1330"}],"wp:term":[{"taxonomy":"category","embeddable":true,"href":"https:\/\/jmj-location.com\/en\/wp-json\/wp\/v2\/categories?post=1330"}],"curies":[{"name":"wp","href":"https:\/\/api.w.org\/{rel}","templated":true}]}}