{"id":1151,"date":"2021-01-20T13:57:51","date_gmt":"2021-01-20T12:57:51","guid":{"rendered":"https:\/\/jmj-location.com\/\/location"},"modified":"2025-07-04T12:05:07","modified_gmt":"2025-07-04T10:05:07","slug":"location","status":"publish","type":"page","link":"https:\/\/jmj-location.com\/en\/","title":{"rendered":"Groupe JMJ Automobiles"},"content":{"rendered":"<p><\/p>\n<div>\t\n\t<form action=\"https:\/\/jmj-location.com\/en\/liste-des-disponibilites\/\" method=\"post\" id=\"monForm\" class=\"needs-validation form-resa\">\n\t\t<div class=\"form-row row locpress-module\">\n\t\t\t<div class=\"row w-100 mr-0\">\n\t\t\t\t<div class=\"form-group col-12 pr-0\">\n\t\t\t\t\t<label for=\"inputState\">Agence<\/label>\n\t\t\t\t\t<div class=\"input-group\">\n\t\t\t\t\t\t<input type=\"text\" class=\"form-control\" autocomplete=\"off\" aria-label=\"Zip code or click geoloc button\" placeholder=\"Zip code or click geoloc button\" name=\"location\" id=\"location\" value=\"\">\n\t\t\t\t\t\t<input type=\"hidden\" value=\"\" id=\"idLocations\" name=\"idLocations\" data-wording=\" \" \/>\n\t\t\t\t\t\t<div class=\"input-group-append\">\n\t\t\t\t\t\t\t<span id=\"error_nominatim\" title=\"Nous rencontrons un probl\u00e8me avec la saisie, veuillez vous g\u00e9olocaliser\"><\/span>\n\t\t\t\t\t\t\t<button id=\"find_btn\" class=\"btn btn-outline-secondary\" title=\"Tracking !\"><i class=\"fa fa-crosshairs\" aria-hidden=\"true\"><\/i><\/button>\n\t\t\t\t\t\t<\/div>\n\t\t\t\t\t\t<ul class=\"list-group d-none\" id=\"selectList\"><\/ul>\n\t\t\t\t\t<\/div>\n\t\t\t\t<\/div>\n\t\t\t<\/div>\n\n\t\t\t<div class=\"form-row col-md-12\">\n\t\t\t\t<div class=\"form-group timepicker-hours col-sm-6 pl-0\">\n\t\t\t\t\t<label for=\"depart\">Date et heure de votre d\u00e9part<\/label>\n\t\t\t\t\t<div class=\"div-date\" onclick=\"showDepartMenu()\">\n\t\t\t\t\t\t<input disabled=\"disabled\" tabindex=\"1\" autocomplete=\"off\" type=\"text\" class=\"form-control\" id=\"depart\" name=\"depart\" required=\"required\" placeholder=\"Departure\" value=\"\" onblur=\"this.setCustomValidity('')\" oninput=\"this.setCustomValidity('')\" oninvalid=\"this.setCustomValidity('Please enter a departure date')\">\n\t\t\t\t\t\t<i class=\"fa fa-calendar btn-icon\" aria-hidden=\"true\"><\/i>\n\t\t\t\t\t\t<input type=\"hidden\" id=\"i-depart\" \/>\n\t\t\t\t\t<\/div>\n\t\t\t\t\t<div class=\"invalid-value text-danger error-hours\" id=\"i-depart-error\">Agence ferm\u00e9e \u00e0 cet horaire<\/div>\n\t\t\t\t\t<div class=\"invalid-feedback\">Please enter a departure date<\/div>\n\t\t\t\t\t<input type=\"hidden\" name=\"startDate\" value=\"\" id=\"startDate\">\n\n\t\t\t\t<\/div>\n\t\t\t\t<div class=\"form-group timepicker-hours col-sm-6\">\n\t\t\t\t\t<label for=\"retour\">Date et heure de votre retour<\/label>\n\t\t\t\t\t<div class=\"div-date returnDateBlock\" onclick=\"showReturnMenu()\">\n\t\t\t\t\t\t<input disabled=\"disabled\" tabindex=\"2\" autocomplete=\"off\" type=\"text\" class=\"form-control\" id=\"retour\" name=\"retour\" required placeholder=\"Restitution\" value=\"\" onblur=\"this.setCustomValidity('')\" oninput=\"this.setCustomValidity('')\" oninvalid=\"this.setCustomValidity('Please enter a return date')\">\n\t\t\t\t\t\t<i class=\"fa fa-calendar btn-icon\" aria-hidden=\"true\"><\/i>\n\t\t\t\t\t\t<input type=\"hidden\" id=\"i-retour\" \/>\n\t\t\t\t\t<\/div>\n\t\t\t\t\t<div class=\"invalid-value text-danger error-hours\" id=\"i-retour-error\">Agence ferm\u00e9e \u00e0 cet horaire<\/div>\n\t\t\t\t\t<div class=\"invalid-value text-danger\" id=\"invalidReturnDate\">R\u00e9servation pour 1h minimum<\/div>\n\t\t\t\t\t<input type=\"hidden\" name=\"plannedReturnDate\" value=\"\" id=\"plannedReturnDate\">\n\t\t\t\t<\/div>\n\t\t\t<\/div>\n\n\n\t\t\t<div class=\"form-row row w-100 last-row\">\n\t\t\t\t<div class=\"col-sm left-col\">\n\t\t\t\t\t<div class=\"form-group col-sm-6 pull-left pl-0\">\n\t\t\t\t\t\t<label for=\"inputState\">Vehicle type<\/label>\n\t\t\t\t\t\t<select disabled=\"disabled\" tabindex=\"3\" id=\"equipmentType\" name=\"equipmentType\" class=\"form-control\" placeholder=\"Pick...\" required>\n\t\t\t\t\t\t\t\t\t\t\t\t\t<\/select>\n\t\t\t\t\t<\/div>\n\t\t\t\t\t<div class=\"form-group col-sm-6 pull-left pl-0\">\n\t\t\t\t\t\t<label for=\"wantedMileage\">Number of kilometres<\/label>\n\t\t\t\t\t\t<input disabled=\"disabled\" tabindex=\"4\" autocomplete=\"off\" type=\"number\" min=\"1\" max=\"9999\" class=\"form-control\" id=\"wantedMileage\" value=\"\" name=\"wantedMileage\" required=\"required\" onblur=\"this.setCustomValidity('')\" oninput=\"this.setCustomValidity('')\" oninvalid=\"this.setCustomValidity('Veuillez entrer un nombre inf\u00e9rieur \u00e0 10 000 kilom\u00e9tres ')\">\n\n\t\t\t\t\t\t<div class=\"invalid-feedback\">Please enter a kilometres amount<\/div>\n\t\t\t\t\t<\/div>\n\t\t\t\t<\/div>\n\t\t\t\t<div class=\"form-group right-col pull-right\">\n\t\t\t\t\t<label for=\"recherche\" style=\"width: 100%;height: 0rem;\">&nbsp;<\/label>\n\t\t\t\t\t<input type=\"hidden\" name=\"formResa\" value=\"OK\" \/>\n\t\t\t\t\t<button tabindex=\"5\" id=\"recherche\" type=\"submit\" class=\"btn btn-primary\" disabled=\"disabled\">\n\t\t\t\t\t\t<span class=\"text\">Find ...<\/span>\n\t\t\t\t\t\t<span class=\"spinner-border spinner-grow-sm d-none\" role=\"status\" aria-hidden=\"true\"> <br\/> <\/span>\n\t\t\t\t\t<\/button>\n\t\t\t\t<\/div>\n\t\t\t<\/div>\n\t\t<\/div>\n\t<\/form>\n\n<script type=\"text\/javascript\">\n\t\/\/ traduction\n\tvar formResaTrad = [];\n\tformResaTrad['chargementAdresse'] = 'Loading...';\n\tformResaTrad['chargementAgence'] = 'Recherche des agences';\n<\/script><\/div>\n<p><\/p>","protected":false},"excerpt":{"rendered":"","protected":false},"author":10,"featured_media":0,"parent":0,"menu_order":0,"comment_status":"closed","ping_status":"closed","template":"","meta":[],"categories":[],"_links":{"self":[{"href":"https:\/\/jmj-location.com\/en\/wp-json\/wp\/v2\/pages\/1151"}],"collection":[{"href":"https:\/\/jmj-location.com\/en\/wp-json\/wp\/v2\/pages"}],"about":[{"href":"https:\/\/jmj-location.com\/en\/wp-json\/wp\/v2\/types\/page"}],"author":[{"embeddable":true,"href":"https:\/\/jmj-location.com\/en\/wp-json\/wp\/v2\/users\/10"}],"replies":[{"embeddable":true,"href":"https:\/\/jmj-location.com\/en\/wp-json\/wp\/v2\/comments?post=1151"}],"version-history":[{"count":27,"href":"https:\/\/jmj-location.com\/en\/wp-json\/wp\/v2\/pages\/1151\/revisions"}],"predecessor-version":[{"id":1997,"href":"https:\/\/jmj-location.com\/en\/wp-json\/wp\/v2\/pages\/1151\/revisions\/1997"}],"wp:attachment":[{"href":"https:\/\/jmj-location.com\/en\/wp-json\/wp\/v2\/media?parent=1151"}],"wp:term":[{"taxonomy":"category","embeddable":true,"href":"https:\/\/jmj-location.com\/en\/wp-json\/wp\/v2\/categories?post=1151"}],"curies":[{"name":"wp","href":"https:\/\/api.w.org\/{rel}","templated":true}]}}